{"id":25,"date":"2025-05-14T15:48:34","date_gmt":"2025-05-14T13:48:34","guid":{"rendered":"https:\/\/linatimelessphoto.hu\/?page_id=25"},"modified":"2025-07-31T09:07:20","modified_gmt":"2025-07-31T07:07:20","slug":"about-me","status":"publish","type":"page","link":"https:\/\/linatimelessphoto.hu\/en\/rolam\/","title":{"rendered":"About me"},"content":{"rendered":"\t\t<div data-elementor-type=\"wp-page\" data-elementor-id=\"25\" class=\"elementor elementor-25\" data-elementor-post-type=\"page\">\n\t\t\t\t<div class=\"elementor-element elementor-element-7665f83 e-con-full e-flex e-con e-parent\" data-id=\"7665f83\" data-element_type=\"container\" data-e-type=\"container\">\n\t\t<div class=\"elementor-element elementor-element-bca3170 e-con-full e-flex e-con e-child\" data-id=\"bca3170\" data-element_type=\"container\" data-e-type=\"container\">\n\t\t<div class=\"elementor-element elementor-element-54e2e57 e-con-full e-flex e-con e-child\" data-id=\"54e2e57\" data-element_type=\"container\" data-e-type=\"container\">\n\t\t<div class=\"elementor-element elementor-element-df857f4 e-con-full hettizenot hero-kep e-flex elementor-invisible e-con e-child\" data-id=\"df857f4\" data-element_type=\"container\" data-e-type=\"container\" data-settings=\"{&quot;background_background&quot;:&quot;classic&quot;,&quot;animation&quot;:&quot;fadeIn&quot;,&quot;animation_tablet&quot;:&quot;none&quot;,&quot;animation_mobile&quot;:&quot;none&quot;}\">\n\t\t\t\t<\/div>\n\t\t\t\t<div class=\"elementor-element elementor-element-3b45205 elementor-widget-laptop__width-auto e-transform elementor-hidden-laptop elementor-hidden-mobile elementor-widget elementor-widget-heading\" data-id=\"3b45205\" data-element_type=\"widget\" data-e-type=\"widget\" data-settings=\"{&quot;_transform_rotateZ_effect&quot;:{&quot;unit&quot;:&quot;px&quot;,&quot;size&quot;:-5,&quot;sizes&quot;:[]},&quot;_transform_rotateZ_effect_widescreen&quot;:{&quot;unit&quot;:&quot;deg&quot;,&quot;size&quot;:&quot;&quot;,&quot;sizes&quot;:[]},&quot;_transform_rotateZ_effect_laptop&quot;:{&quot;unit&quot;:&quot;deg&quot;,&quot;size&quot;:&quot;&quot;,&quot;sizes&quot;:[]},&quot;_transform_rotateZ_effect_tablet&quot;:{&quot;unit&quot;:&quot;deg&quot;,&quot;size&quot;:&quot;&quot;,&quot;sizes&quot;:[]},&quot;_transform_rotateZ_effect_mobile&quot;:{&quot;unit&quot;:&quot;deg&quot;,&quot;size&quot;:&quot;&quot;,&quot;sizes&quot;:[]}}\" data-widget_type=\"heading.default\">\n\t\t\t\t<div class=\"elementor-widget-container\">\n\t\t\t\t\t<h3 class=\"elementor-heading-title elementor-size-default\">ez vagyok \u00e9n!<\/h3>\t\t\t\t<\/div>\n\t\t\t\t<\/div>\n\t\t\t\t<\/div>\n\t\t<div class=\"elementor-element elementor-element-7115640 e-con-full othet hero-kep e-flex e-con e-child\" data-id=\"7115640\" data-element_type=\"container\" data-e-type=\"container\" data-settings=\"{&quot;background_background&quot;:&quot;classic&quot;}\">\n\t\t\t\t<\/div>\n\t\t\t\t<\/div>\n\t\t<div class=\"elementor-element elementor-element-82fa652 e-con-full e-flex e-con e-child\" data-id=\"82fa652\" data-element_type=\"container\" data-e-type=\"container\">\n\t\t\t\t<div class=\"elementor-element elementor-element-02ac94c elementor-widget elementor-widget-heading\" data-id=\"02ac94c\" data-element_type=\"widget\" data-e-type=\"widget\" data-widget_type=\"heading.default\">\n\t\t\t\t<div class=\"elementor-widget-container\">\n\t\t\t\t\t<h2 class=\"elementor-heading-title elementor-size-default\">\u00d6r\u00fcl\u00f6k, hogy itt vagy<\/h2>\t\t\t\t<\/div>\n\t\t\t\t<\/div>\n\t\t\t\t<div class=\"elementor-element elementor-element-d597b4a elementor-widget__width-initial elementor-widget elementor-widget-heading\" data-id=\"d597b4a\" data-element_type=\"widget\" data-e-type=\"widget\" data-widget_type=\"heading.default\">\n\t\t\t\t<div class=\"elementor-widget-container\">\n\t\t\t\t\t<h1 class=\"elementor-heading-title elementor-size-default\">Szia, \u00e9n Lina vagyok,<\/br> a szem\u00e9lyes fot\u00f3sod \u00e9s a t\u00f6rt\u00e9netmes\u00e9l\u0151d<\/h1>\t\t\t\t<\/div>\n\t\t\t\t<\/div>\n\t\t\t\t<div class=\"elementor-element elementor-element-4c11733 elementor-widget__width-initial elementor-widget elementor-widget-text-editor\" data-id=\"4c11733\" data-element_type=\"widget\" data-e-type=\"widget\" data-widget_type=\"text-editor.default\">\n\t\t\t\t<div class=\"elementor-widget-container\">\n\t\t\t\t\t\t\t\t\tHiszem, hogy minden ember \u00e9s minden pillanat meg\u00e9rdemli, hogy sz\u00e9pen legyen meg\u00f6r\u00f6k\u00edtve.\t\t\t\t\t\t\t\t<\/div>\n\t\t\t\t<\/div>\n\t\t\t\t<div class=\"elementor-element elementor-element-a10dbe9 elementor-widget__width-initial elementor-widget-tablet__width-initial elementor-widget elementor-widget-text-editor\" data-id=\"a10dbe9\" data-element_type=\"widget\" data-e-type=\"widget\" data-widget_type=\"text-editor.default\">\n\t\t\t\t<div class=\"elementor-widget-container\">\n\t\t\t\t\t\t\t\t\tC\u00e9lom, hogy term\u00e9szetes, id\u0151t\u00e1ll\u00f3 k\u00e9peket k\u00e9sz\u00edtsek r\u00f3lad, amelyekre mindig b\u00fcszk\u00e9n n\u00e9zel vissza. A fot\u00f3z\u00e1s velem nem csup\u00e1n egy kattint\u00e1s, hanem egy \u00e9lm\u00e9ny, ahol felszabadultan, \u00f6nmagad lehetsz.\t\t\t\t\t\t\t\t<\/div>\n\t\t\t\t<\/div>\n\t\t\t\t<\/div>\n\t\t\t\t<\/div>\n\t\t<div class=\"elementor-element elementor-element-fadde30 e-flex e-con-boxed e-con e-parent\" data-id=\"fadde30\" data-element_type=\"container\" data-e-type=\"container\">\n\t\t\t\t\t<div class=\"e-con-inner\">\n\t\t<div class=\"elementor-element elementor-element-ee8ba39 e-con-full e-flex e-con e-child\" data-id=\"ee8ba39\" data-element_type=\"container\" data-e-type=\"container\">\n\t\t\t\t<div class=\"elementor-element elementor-element-e44c41c elementor-widget elementor-widget-heading\" data-id=\"e44c41c\" data-element_type=\"widget\" data-e-type=\"widget\" data-widget_type=\"heading.default\">\n\t\t\t\t<div class=\"elementor-widget-container\">\n\t\t\t\t\t<h3 class=\"elementor-heading-title elementor-size-default\">Nem csak k\u00e9peket kapsz, hanem egy \u00e9lm\u00e9nyt is<\/h3>\t\t\t\t<\/div>\n\t\t\t\t<\/div>\n\t\t\t\t<div class=\"elementor-element elementor-element-7ccb6ae h2-decor elementor-widget elementor-widget-heading\" data-id=\"7ccb6ae\" data-element_type=\"widget\" data-e-type=\"widget\" data-widget_type=\"heading.default\">\n\t\t\t\t<div class=\"elementor-widget-container\">\n\t\t\t\t\t<h2 class=\"elementor-heading-title elementor-size-default\">Seg\u00edtek, hogy magabiztosan \u00e1llj a kamera el\u00e9 \u00e9s eg\u00e9sz id\u0151 <span class=\"h2-decor\">alatt j\u00f3l \u00e9rezd magad<\/span><\/h2>\t\t\t\t<\/div>\n\t\t\t\t<\/div>\n\t\t\t\t<div class=\"elementor-element elementor-element-82add83 elementor-widget elementor-widget-text-editor\" data-id=\"82add83\" data-element_type=\"widget\" data-e-type=\"widget\" data-widget_type=\"text-editor.default\">\n\t\t\t\t<div class=\"elementor-widget-container\">\n\t\t\t\t\t\t\t\t\tSokan tartanak att\u00f3l, hogy nem fotog\u00e9nek, vagy nem tudnak p\u00f3zolni, \u00e9n pontosan ebben seg\u00edtek neked. Megmutatom, hogy a legszebb k\u00e9pek akkor sz\u00fcletnek, amikor \u00f6nmagad vagy.\t\t\t\t\t\t\t\t<\/div>\n\t\t\t\t<\/div>\n\t\t\t\t<div class=\"elementor-element elementor-element-8b1ab8e elementor-widget elementor-widget-text-editor\" data-id=\"8b1ab8e\" data-element_type=\"widget\" data-e-type=\"widget\" data-widget_type=\"text-editor.default\">\n\t\t\t\t<div class=\"elementor-widget-container\">\n\t\t\t\t\t\t\t\t\tA bar\u00e1ts\u00e1gos, laza l\u00e9gk\u00f6r \u00e9s a kreat\u00edv szeml\u00e9let garant\u00e1lja, hogy a fot\u00f3z\u00e1s nem csak egy esem\u00e9ny, hanem egy eml\u00e9k is legyen, amit sz\u00edvesen \u00e9lsz \u00e1t \u00fajra \u00e9s \u00fajra, mik\u00f6zben n\u00e9zegeted a k\u00e9peket.\t\t\t\t\t\t\t\t<\/div>\n\t\t\t\t<\/div>\n\t\t\t\t<div class=\"elementor-element elementor-element-5c9270a elementor-mobile-align-justify elementor-widget elementor-widget-button\" data-id=\"5c9270a\" data-element_type=\"widget\" data-e-type=\"widget\" data-widget_type=\"button.default\">\n\t\t\t\t<div class=\"elementor-widget-container\">\n\t\t\t\t\t\t\t\t\t<div class=\"elementor-button-wrapper\">\n\t\t\t\t\t<a class=\"elementor-button elementor-button-link elementor-size-sm\" href=\"https:\/\/linatimelessphoto.hu\/#csomagok\">\n\t\t\t\t\t\t<span class=\"elementor-button-content-wrapper\">\n\t\t\t\t\t\t\t\t\t<span class=\"elementor-button-text\">megn\u00e9zem a szolg\u00e1ltat\u00e1sokat<\/span>\n\t\t\t\t\t<\/span>\n\t\t\t\t\t<\/a>\n\t\t\t\t<\/div>\n\t\t\t\t\t\t\t\t<\/div>\n\t\t\t\t<\/div>\n\t\t\t\t<\/div>\n\t\t<div class=\"elementor-element elementor-element-eb5eedf e-con-full e-flex e-con e-child\" data-id=\"eb5eedf\" data-element_type=\"container\" data-e-type=\"container\">\n\t\t<div class=\"elementor-element elementor-element-8375291 e-con-full egyegy e-flex e-con e-child\" data-id=\"8375291\" data-element_type=\"container\" data-e-type=\"container\" data-settings=\"{&quot;background_background&quot;:&quot;classic&quot;,&quot;motion_fx_motion_fx_scrolling&quot;:&quot;yes&quot;,&quot;motion_fx_rotateZ_effect&quot;:&quot;yes&quot;,&quot;motion_fx_rotateZ_direction&quot;:&quot;negative&quot;,&quot;motion_fx_rotateZ_speed&quot;:{&quot;unit&quot;:&quot;px&quot;,&quot;size&quot;:2.1,&quot;sizes&quot;:[]},&quot;motion_fx_rotateZ_affectedRange&quot;:{&quot;unit&quot;:&quot;%&quot;,&quot;size&quot;:&quot;&quot;,&quot;sizes&quot;:{&quot;start&quot;:0,&quot;end&quot;:100}},&quot;motion_fx_devices&quot;:[&quot;widescreen&quot;,&quot;desktop&quot;,&quot;laptop&quot;,&quot;tablet&quot;,&quot;mobile&quot;]}\">\n\t\t\t\t<\/div>\n\t\t<div class=\"elementor-element elementor-element-deb341e e-con-full egyegy e-flex e-con e-child\" data-id=\"deb341e\" data-element_type=\"container\" data-e-type=\"container\" data-settings=\"{&quot;background_background&quot;:&quot;classic&quot;}\">\n\t\t\t\t<\/div>\n\t\t\t\t<\/div>\n\t\t\t\t\t<\/div>\n\t\t\t\t<\/div>\n\t\t<div class=\"elementor-element elementor-element-52d5f7d e-con-full e-flex e-con e-parent\" data-id=\"52d5f7d\" data-element_type=\"container\" data-e-type=\"container\">\n\t\t<div class=\"elementor-element elementor-element-a141c2d e-con-full e-flex elementor-invisible e-con e-child\" data-id=\"a141c2d\" data-element_type=\"container\" data-e-type=\"container\" data-settings=\"{&quot;animation&quot;:&quot;fadeInLeft&quot;}\">\n\t\t<div class=\"elementor-element elementor-element-466d296 e-con-full hettizenot hero-kep elementor-hidden-tablet elementor-hidden-mobile e-flex elementor-invisible e-con e-child\" data-id=\"466d296\" data-element_type=\"container\" data-e-type=\"container\" data-settings=\"{&quot;background_background&quot;:&quot;classic&quot;,&quot;animation&quot;:&quot;fadeIn&quot;}\">\n\t\t\t\t<\/div>\n\t\t<div class=\"elementor-element elementor-element-599280a e-con-full othet e-flex e-con e-child\" data-id=\"599280a\" data-element_type=\"container\" data-e-type=\"container\" data-settings=\"{&quot;background_background&quot;:&quot;classic&quot;}\">\n\t\t\t\t<\/div>\n\t\t\t\t<\/div>\n\t\t<div class=\"elementor-element elementor-element-731420c e-con-full e-flex e-con e-child\" data-id=\"731420c\" data-element_type=\"container\" data-e-type=\"container\">\n\t\t\t\t<div class=\"elementor-element elementor-element-39423a2 elementor-widget elementor-widget-heading\" data-id=\"39423a2\" data-element_type=\"widget\" data-e-type=\"widget\" data-widget_type=\"heading.default\">\n\t\t\t\t<div class=\"elementor-widget-container\">\n\t\t\t\t\t<h3 class=\"elementor-heading-title elementor-size-default\">\u00edgy kezd\u0151d\u00f6tt az \u00e9n t\u00f6rt\u00e9netem<\/h3>\t\t\t\t<\/div>\n\t\t\t\t<\/div>\n\t\t\t\t<div class=\"elementor-element elementor-element-7f1e586 elementor-widget__width-initial elementor-widget elementor-widget-heading\" data-id=\"7f1e586\" data-element_type=\"widget\" data-e-type=\"widget\" data-widget_type=\"heading.default\">\n\t\t\t\t<div class=\"elementor-widget-container\">\n\t\t\t\t\t<h1 class=\"elementor-heading-title elementor-size-default\">Gyerekk\u00e9nt a pillanatokat kerestem, ma pedig meg\u00f6r\u00f6k\u00edtem \u0151ket<\/h1>\t\t\t\t<\/div>\n\t\t\t\t<\/div>\n\t\t\t\t<div class=\"elementor-element elementor-element-be2d3df elementor-widget__width-initial elementor-widget elementor-widget-text-editor\" data-id=\"be2d3df\" data-element_type=\"widget\" data-e-type=\"widget\" data-widget_type=\"text-editor.default\">\n\t\t\t\t<div class=\"elementor-widget-container\">\n\t\t\t\t\t\t\t\t\tGyerekkoromban \u00f3r\u00e1kon \u00e1t n\u00e9zegettem a r\u00e9gi fot\u00f3kat, mert azok mindig visszarep\u00edtettek az id\u0151ben. K\u00e9s\u0151bb r\u00e1j\u00f6ttem, hogy nemcsak n\u00e9zni szeretem a \u0151ket, hanem meg\u00f6r\u00f6k\u00edteni is.\t\t\t\t\t\t\t\t<\/div>\n\t\t\t\t<\/div>\n\t\t\t\t<div class=\"elementor-element elementor-element-977972a elementor-widget__width-initial elementor-widget elementor-widget-text-editor\" data-id=\"977972a\" data-element_type=\"widget\" data-e-type=\"widget\" data-widget_type=\"text-editor.default\">\n\t\t\t\t<div class=\"elementor-widget-container\">\n\t\t\t\t\t\t\t\t\tA fot\u00f3z\u00e1s sz\u00e1momra nem csak egy szakma, hanem egy szenved\u00e9ly. Im\u00e1dom l\u00e1tni, ahogy az emberek felszabadulnak a kamera el\u0151tt, \u00e9s ahogy a k\u00e9peimen kereszt\u00fcl visszan\u00e9znek \u00f6nmagukra, magabiztosan \u00e9s boldogan.\t\t\t\t\t\t\t\t<\/div>\n\t\t\t\t<\/div>\n\t\t\t\t<\/div>\n\t\t\t\t<\/div>\n\t\t<div class=\"elementor-element elementor-element-6e9acf1 e-con-full e-flex e-con e-parent\" data-id=\"6e9acf1\" data-element_type=\"container\" data-e-type=\"container\">\n\t\t<div class=\"elementor-element elementor-element-30da34b e-con-full e-flex e-con e-child\" data-id=\"30da34b\" data-element_type=\"container\" data-e-type=\"container\">\n\t\t\t\t<div class=\"elementor-element elementor-element-87aa67a elementor-widget__width-initial elementor-widget elementor-widget-heading\" data-id=\"87aa67a\" data-element_type=\"widget\" data-e-type=\"widget\" data-widget_type=\"heading.default\">\n\t\t\t\t<div class=\"elementor-widget-container\">\n\t\t\t\t\t<h1 class=\"elementor-heading-title elementor-size-default\">Kreativit\u00e1s, k\u00e1v\u00e9 \u00e9s kalandok, ez vagyok \u00e9n<\/h1>\t\t\t\t<\/div>\n\t\t\t\t<\/div>\n\t\t\t\t<div class=\"elementor-element elementor-element-a127222 elementor-widget__width-initial elementor-widget elementor-widget-text-editor\" data-id=\"a127222\" data-element_type=\"widget\" data-e-type=\"widget\" data-widget_type=\"text-editor.default\">\n\t\t\t\t<div class=\"elementor-widget-container\">\n\t\t\t\t\t\t\t\t\tA fot\u00f3z\u00e1s a szenved\u00e9lyem, de amikor \u00e9pp nem egy kamer\u00e1val a kezemben vagyok, akkor is szeretek alkotni \u00e9s inspir\u00e1l\u00f3dni.\t\t\t\t\t\t\t\t<\/div>\n\t\t\t\t<\/div>\n\t\t\t\t<div class=\"elementor-element elementor-element-3299cd6 elementor-widget elementor-widget-heading\" data-id=\"3299cd6\" data-element_type=\"widget\" data-e-type=\"widget\" data-widget_type=\"heading.default\">\n\t\t\t\t<div class=\"elementor-widget-container\">\n\t\t\t\t\t<h3 class=\"elementor-heading-title elementor-size-default\">amikor \u00e9pp nem fot\u00f3zom...<\/h3>\t\t\t\t<\/div>\n\t\t\t\t<\/div>\n\t\t\t\t<div class=\"elementor-element elementor-element-6fd8be9 elementor-widget__width-initial elementor-widget elementor-widget-text-editor\" data-id=\"6fd8be9\" data-element_type=\"widget\" data-e-type=\"widget\" data-widget_type=\"text-editor.default\">\n\t\t\t\t<div class=\"elementor-widget-container\">\n\t\t\t\t\t\t\t\t\t<ul><li>Zen\u00e9t hallgatok, zen\u00e9lek (heged\u00fcl\u00f6k \u00e9s zongor\u00e1zok is) vagy koncertre megyek<\/li><li>K\u00e1v\u00e9 mellett elm\u00e9ly\u00fcl\u00f6k egy j\u00f3 k\u00f6nyvben<\/li><li>\u00daj helyeket fedezek fel \u00e9s inspir\u00e1ci\u00f3t gy\u0171jt\u00f6k<\/li><li>Kreat\u00edv projekteken dolgozom<\/li><li>A term\u00e9szetben vagyok \u00e9s sportolok<\/li><li>Magyar, orosz, angol \u00e9s spanyol nyelveken besz\u00e9lek \u00e9s folyamatosan b\u0151v\u00edtem nyelvtud\u00e1somat<\/li><\/ul>\t\t\t\t\t\t\t\t<\/div>\n\t\t\t\t<\/div>\n\t\t\t\t<\/div>\n\t\t<div class=\"elementor-element elementor-element-8f5e6e2 e-con-full othet e-flex e-con e-child\" data-id=\"8f5e6e2\" data-element_type=\"container\" data-e-type=\"container\" data-settings=\"{&quot;background_background&quot;:&quot;classic&quot;}\">\n\t\t\t\t<\/div>\n\t\t\t\t<\/div>\n\t\t<div class=\"elementor-element elementor-element-7a25639 e-flex e-con-boxed e-con e-parent\" data-id=\"7a25639\" data-element_type=\"container\" data-e-type=\"container\" data-settings=\"{&quot;background_background&quot;:&quot;classic&quot;}\">\n\t\t\t\t\t<div class=\"e-con-inner\">\n\t\t<div class=\"elementor-element elementor-element-b996be2 e-con-full e-flex e-con e-child\" data-id=\"b996be2\" data-element_type=\"container\" data-e-type=\"container\" data-settings=\"{&quot;background_background&quot;:&quot;classic&quot;}\">\n\t\t\t\t<div class=\"elementor-element elementor-element-77e0f8e elementor-widget__width-initial elementor-widget elementor-widget-heading\" data-id=\"77e0f8e\" data-element_type=\"widget\" data-e-type=\"widget\" data-widget_type=\"heading.default\">\n\t\t\t\t<div class=\"elementor-widget-container\">\n\t\t\t\t\t<h2 class=\"elementor-heading-title elementor-size-default\">K\u00e9sz vagy meg\u00f6r\u00f6k\u00edteni a pillanataidat?<\/h2>\t\t\t\t<\/div>\n\t\t\t\t<\/div>\n\t\t\t\t<div class=\"elementor-element elementor-element-99f29c9 elementor-tablet-align-justify elementor-align-left elementor-mobile-align-left elementor-widget elementor-widget-button\" data-id=\"99f29c9\" data-element_type=\"widget\" data-e-type=\"widget\" data-widget_type=\"button.default\">\n\t\t\t\t<div class=\"elementor-widget-container\">\n\t\t\t\t\t\t\t\t\t<div class=\"elementor-button-wrapper\">\n\t\t\t\t\t<a class=\"elementor-button elementor-button-link elementor-size-sm\" href=\"https:\/\/linatimelessphoto.hu\/kapcsolat\/\">\n\t\t\t\t\t\t<span class=\"elementor-button-content-wrapper\">\n\t\t\t\t\t\t<span class=\"elementor-button-icon\">\n\t\t\t\t<svg xmlns=\"http:\/\/www.w3.org\/2000\/svg\" width=\"25\" height=\"10\" viewBox=\"0 0 25 10\" fill=\"none\"><path d=\"M21.001 9.00195L25 4.99995L21 0.998953M1 4.99895L25 4.99895\" stroke=\"#0D0D0D\" stroke-width=\"0.6\" stroke-linecap=\"round\" stroke-linejoin=\"round\"><\/path><\/svg>\t\t\t<\/span>\n\t\t\t\t\t\t\t\t\t<span class=\"elementor-button-text\">l\u00e9pj velem kapcsolatba<\/span>\n\t\t\t\t\t<\/span>\n\t\t\t\t\t<\/a>\n\t\t\t\t<\/div>\n\t\t\t\t\t\t\t\t<\/div>\n\t\t\t\t<\/div>\n\t\t\t\t<\/div>\n\t\t\t\t\t<\/div>\n\t\t\t\t<\/div>\n\t\t\t\t<\/div>\n\t\t","protected":false},"excerpt":{"rendered":"<p>ez vagyok \u00e9n! \u00d6r\u00fcl\u00f6k, hogy itt vagy Szia, \u00e9n Lina vagyok, a szem\u00e9lyes fot\u00f3sod \u00e9s a t\u00f6rt\u00e9netmes\u00e9l\u0151d Hiszem, hogy minden ember \u00e9s minden pillanat meg\u00e9rdemli, hogy sz\u00e9pen legyen meg\u00f6r\u00f6k\u00edtve.C\u00e9lom, hogy term\u00e9szetes, id\u0151t\u00e1ll\u00f3 k\u00e9peket k\u00e9sz\u00edtsek r\u00f3lad, amelyekre mindig b\u00fcszk\u00e9n n\u00e9zel vissza. A fot\u00f3z\u00e1s velem nem csup\u00e1n egy kattint\u00e1s, hanem egy \u00e9lm\u00e9ny, ahol felszabadultan, \u00f6nmagad lehetsz. Nem [&hellip;]<\/p>\n","protected":false},"author":2,"featured_media":0,"parent":0,"menu_order":0,"comment_status":"closed","ping_status":"closed","template":"elementor_header_footer","meta":{"_seopress_robots_primary_cat":"","_seopress_titles_title":"Fot\u00f3z\u00e1sok Budapesten - Lina Timeless Photography","_seopress_titles_desc":"Lina vagyok, portr\u00e9- \u00e9s lifestyle fot\u00f3s Budapesten. Term\u00e9szetes, id\u0151t\u00e1ll\u00f3 k\u00e9peket k\u00e9sz\u00edtek bar\u00e1ts\u00e1gos, felszabadult l\u00e9gk\u00f6rben. Ismerd meg t\u00f6rt\u00e9netemet!","_seopress_robots_index":"","footnotes":""},"class_list":["post-25","page","type-page","status-publish"],"_links":{"self":[{"href":"https:\/\/linatimelessphoto.hu\/en\/wp-json\/wp\/v2\/pages\/25","targetHints":{"allow":["GET"]}}],"collection":[{"href":"https:\/\/linatimelessphoto.hu\/en\/wp-json\/wp\/v2\/pages"}],"about":[{"href":"https:\/\/linatimelessphoto.hu\/en\/wp-json\/wp\/v2\/types\/page"}],"author":[{"embeddable":true,"href":"https:\/\/linatimelessphoto.hu\/en\/wp-json\/wp\/v2\/users\/2"}],"replies":[{"embeddable":true,"href":"https:\/\/linatimelessphoto.hu\/en\/wp-json\/wp\/v2\/comments?post=25"}],"version-history":[{"count":70,"href":"https:\/\/linatimelessphoto.hu\/en\/wp-json\/wp\/v2\/pages\/25\/revisions"}],"predecessor-version":[{"id":2124,"href":"https:\/\/linatimelessphoto.hu\/en\/wp-json\/wp\/v2\/pages\/25\/revisions\/2124"}],"wp:attachment":[{"href":"https:\/\/linatimelessphoto.hu\/en\/wp-json\/wp\/v2\/media?parent=25"}],"curies":[{"name":"wp","href":"https:\/\/api.w.org\/{rel}","templated":true}]}}