{"id":31,"date":"2025-05-14T15:49:02","date_gmt":"2025-05-14T13:49:02","guid":{"rendered":"https:\/\/linatimelessphoto.hu\/?page_id=31"},"modified":"2025-07-30T18:21:12","modified_gmt":"2025-07-30T16:21:12","slug":"contact","status":"publish","type":"page","link":"https:\/\/linatimelessphoto.hu\/en\/kapcsolat\/","title":{"rendered":"Contact"},"content":{"rendered":"\t\t<div data-elementor-type=\"wp-page\" data-elementor-id=\"31\" class=\"elementor elementor-31\" data-elementor-post-type=\"page\">\n\t\t\t\t<div class=\"elementor-element elementor-element-8c4def4 e-con-full e-flex e-con e-parent\" data-id=\"8c4def4\" data-element_type=\"container\" data-e-type=\"container\">\n\t\t<div class=\"elementor-element elementor-element-5695a9e e-con-full e-flex e-con e-child\" data-id=\"5695a9e\" data-element_type=\"container\" data-e-type=\"container\" data-settings=\"{&quot;background_background&quot;:&quot;classic&quot;}\">\n\t\t<div class=\"elementor-element elementor-element-a3f8617 e-con-full e-flex e-con e-child\" data-id=\"a3f8617\" data-element_type=\"container\" data-e-type=\"container\">\n\t\t\t\t<div class=\"elementor-element elementor-element-4584df3 elementor-widget-mobile__width-initial elementor-widget elementor-widget-heading\" data-id=\"4584df3\" data-element_type=\"widget\" data-e-type=\"widget\" data-widget_type=\"heading.default\">\n\t\t\t\t<div class=\"elementor-widget-container\">\n\t\t\t\t\t<h1 class=\"elementor-heading-title elementor-size-default\">Vedd fel velem a kapcsolatot<\/h1>\t\t\t\t<\/div>\n\t\t\t\t<\/div>\n\t\t\t\t<div class=\"elementor-element elementor-element-9651f67 elementor-widget-mobile__width-initial elementor-widget elementor-widget-heading\" data-id=\"9651f67\" data-element_type=\"widget\" data-e-type=\"widget\" data-widget_type=\"heading.default\">\n\t\t\t\t<div class=\"elementor-widget-container\">\n\t\t\t\t\t<h2 class=\"elementor-heading-title elementor-size-default\">Vedd fel velem a kapcsolatot<\/h2>\t\t\t\t<\/div>\n\t\t\t\t<\/div>\n\t\t\t\t<\/div>\n\t\t\t\t<\/div>\n\t\t<div class=\"elementor-element elementor-element-a3f89b6 e-con-full e-flex e-con e-child\" data-id=\"a3f89b6\" data-element_type=\"container\" data-e-type=\"container\" data-settings=\"{&quot;background_background&quot;:&quot;classic&quot;}\">\n\t\t\t\t<div class=\"elementor-element elementor-element-6e2426d elementor-widget__width-initial elementor-widget elementor-widget-heading\" data-id=\"6e2426d\" data-element_type=\"widget\" data-e-type=\"widget\" data-widget_type=\"heading.default\">\n\t\t\t\t<div class=\"elementor-widget-container\">\n\t\t\t\t\t<h2 class=\"elementor-heading-title elementor-size-default\"> Alig v\u00e1rom, hogy egy\u00fctt alkossunk valami k\u00fcl\u00f6nlegeset!<\/h2>\t\t\t\t<\/div>\n\t\t\t\t<\/div>\n\t\t\t\t<div class=\"elementor-element elementor-element-a0c83ae elementor-widget__width-initial elementor-widget elementor-widget-text-editor\" data-id=\"a0c83ae\" data-element_type=\"widget\" data-e-type=\"widget\" data-widget_type=\"text-editor.default\">\n\t\t\t\t<div class=\"elementor-widget-container\">\n\t\t\t\t\t\t\t\t\tAk\u00e1r m\u00e1r k\u00e9szen \u00e1llsz a fot\u00f3z\u00e1sra, ak\u00e1r csak \u00e9rdekl\u0151dn\u00e9l, \u00f6r\u00f6mmel v\u00e1laszolok minden k\u00e9rd\u00e9sedre! T\u00f6ltsd ki az \u0171rlapot, \u00e9s hamarosan felveszem veled a kapcsolatot.\t\t\t\t\t\t\t\t<\/div>\n\t\t\t\t<\/div>\n\t\t\t\t<div class=\"elementor-element elementor-element-25293fe elementor-widget__width-initial fluent-form-widget-step-header-yes fluent-form-widget-step-progressbar-yes fluentform-widget-submit-button-custom elementor-widget elementor-widget-fluent-form-widget\" data-id=\"25293fe\" data-element_type=\"widget\" data-e-type=\"widget\" data-no-translation=\"\" data-widget_type=\"fluent-form-widget.default\">\n\t\t\t\t<div class=\"elementor-widget-container\">\n\t\t\t\t\t<style>.elementor-element-25293fe{display:none !important}<\/style>\t\t\t\t<\/div>\n\t\t\t\t<\/div>\n\t\t\t\t<div class=\"elementor-element elementor-element-3ddf4e2 elementor-widget__width-initial fluent-form-widget-step-header-yes fluent-form-widget-step-progressbar-yes fluentform-widget-submit-button-custom elementor-widget elementor-widget-fluent-form-widget\" data-id=\"3ddf4e2\" data-element_type=\"widget\" data-e-type=\"widget\" data-no-translation=\"\" data-widget_type=\"fluent-form-widget.default\">\n\t\t\t\t<div class=\"elementor-widget-container\">\n\t\t\t\t\t\n            <div class=\"fluentform-widget-wrapper fluentform-widget-custom-radio-checkbox fluentform-widget-align-default\">\n\n            \n            <div class='fluentform ff-default fluentform_wrapper_3 ffs_default_wrap'><form data-form_id=\"3\" id=\"fluentform_3\" class=\"frm-fluent-form fluent_form_3 ff-el-form-top ff_form_instance_3_2 ff-form-loading ffs_default\" data-form_instance=\"ff_form_instance_3_2\" method=\"POST\" ><fieldset  style=\"border: none!important;margin: 0!important;padding: 0!important;background-color: transparent!important;box-shadow: none!important;outline: none!important; min-inline-size: 100%;\">\n                    <legend class=\"ff_screen_reader_title\" style=\"display: block; margin: 0!important;padding: 0!important;height: 0!important;text-indent: -999999px;width: 0!important;overflow:hidden;\">kapcsolati \u0171rlap (en)<\/legend><p style=\"display: none !important;\" class=\"akismet-fields-container\" data-prefix=\"ak_\"><label>&#916;<textarea name=\"ak_hp_textarea\" cols=\"45\" rows=\"8\" maxlength=\"100\"><\/textarea><\/label><input type=\"hidden\" id=\"ak_js_2\" name=\"ak_js\" value=\"90\"\/><script>document.getElementById( \"ak_js_2\" ).setAttribute( \"value\", ( new Date() ).getTime() );<\/script><\/p><input type='hidden' name='__fluent_form_embded_post_id' value='31' \/><input type=\"hidden\" id=\"_fluentform_3_fluentformnonce\" name=\"_fluentform_3_fluentformnonce\" value=\"8e275f2d40\" \/><input type=\"hidden\" name=\"_wp_http_referer\" value=\"\/en\/wp-json\/wp\/v2\/pages\/31\" \/><div data-name=\"ff_cn_id_1\"  class='ff-t-container ff-column-container ff_columns_total_2 '><div class='ff-t-cell ff-t-column-1' style='flex-basis: 49.96%;'><div data-type=\"name-element\" data-name=\"names\" class=\" ff-field_container ff-name-field-wrapper\" ><div class='ff-t-container'><div class='ff-t-cell '><div class='ff-el-group'><div class=\"ff-el-input--label ff-el-is-required asterisk-right\"><label for='ff_3_2_names_first_name_' id='label_ff_3_2_names_first_name_' >Full name<\/label><\/div><div class='ff-el-input--content'><input type=\"text\" name=\"names[first_name]\" id=\"ff_3_2_names_first_name_\" class=\"ff-el-form-control\" placeholder=\"first &amp; last name\" aria-invalid=\"false\" aria-required=true><\/div><\/div><\/div><\/div><\/div><\/div><div class='ff-t-cell ff-t-column-2' style='flex-basis: 50.04%;'><div class='ff-el-group'><div class=\"ff-el-input--label ff-el-is-required asterisk-right\"><label for='ff_3_2_email' id='label_ff_3_2_email' aria-label=\"Your email address\">Your email address<\/label><\/div><div class='ff-el-input--content'><input type=\"email\" name=\"email\" id=\"ff_3_2_email\" class=\"ff-el-form-control\" placeholder=\"youremail@gmail.com\" data-name=\"email\"  aria-invalid=\"false\" aria-required=true><\/div><\/div><\/div><\/div><div class='ff-el-group'><div class=\"ff-el-input--label ff-el-is-required asterisk-right\"><label for='ff_3_2_dropdown' id='label_ff_3_2_dropdown' aria-label=\"Please choose the type of photoshoot\">Please choose the type of photoshoot<\/label><\/div><div class='ff-el-input--content'><select name=\"dropdown\" id=\"ff_3_2_dropdown\" class=\"ff-el-form-control\" data-name=\"dropdown\" data-calc_value=\"0\"  aria-invalid=\"false\" aria-required=\"true\" aria-labelledby=\"label_ff_3_2_dropdown\"><option value=\"\">select from the available services<\/option><option value=\"portrait photography\"  >portrait photography<\/option><option value=\"business photography\"  >business photography<\/option><option value=\"boudoir photography\"  >boudoir photography<\/option><option value=\"solo maternity photography\"  >solo maternity photography<\/option><option value=\"couple maternity photography\"  >couple maternity photography<\/option><option value=\"couple photography\"  >couple photography<\/option><option value=\"engagement photography\"  >engagement photography<\/option><option value=\"family photography\"  >family photography<\/option><\/select><\/div><\/div><div class='ff-el-group'><div class=\"ff-el-input--label ff-el-is-required asterisk-right\"><label   aria-label=\"Which package are you interested in?\">Which package are you interested in?<\/label><\/div><div class='ff-el-input--content'><div class='ff-el-form-check ff-el-form-check-'><label class='ff-el-form-check-label' for='input_radio_3c3d75820a481c2ebfe97c900b06d8c2'><input  type=\"radio\" name=\"input_radio\" data-name=\"input_radio\" class=\"ff-el-form-check-input ff-el-form-check-radio\" value=\"mini\"  id='input_radio_3c3d75820a481c2ebfe97c900b06d8c2' aria-label='mini' aria-invalid='false' aria-required=true> <span>mini<\/span><\/label><\/div><div class='ff-el-form-check ff-el-form-check-'><label class='ff-el-form-check-label' for='input_radio_05804fc7e08c9bc1b1e31413226d83f8'><input  type=\"radio\" name=\"input_radio\" data-name=\"input_radio\" class=\"ff-el-form-check-input ff-el-form-check-radio\" value=\"classic\"  id='input_radio_05804fc7e08c9bc1b1e31413226d83f8' aria-label='classic' aria-invalid='false' aria-required=true> <span>classic<\/span><\/label><\/div><div class='ff-el-form-check ff-el-form-check-'><label class='ff-el-form-check-label' for='input_radio_93337be4ebe82fd0de230d38ff070cdf'><input  type=\"radio\" name=\"input_radio\" data-name=\"input_radio\" class=\"ff-el-form-check-input ff-el-form-check-radio\" value=\"extra\"  id='input_radio_93337be4ebe82fd0de230d38ff070cdf' aria-label='extra' aria-invalid='false' aria-required=true> <span>extra<\/span><\/label><\/div><\/div><\/div><div class='ff-el-group'><div class=\"ff-el-input--label ff-el-is-required asterisk-right\"><label for='ff_3_2_message' id='label_ff_3_2_message' aria-label=\"Tell me what you have in mind\">Tell me what you have in mind<\/label><\/div><div class='ff-el-input--content'><textarea aria-required=\"true\" aria-labelledby=\"label_ff_3_2_message\" name=\"message\" id=\"ff_3_2_message\" class=\"ff-el-form-control\" placeholder=\"Write your ideas here or anything you want to share with me\" rows=\"4\" cols=\"2\" data-name=\"message\" ><\/textarea><\/div><\/div><div class='ff-el-group    ff-el-input--content'><div class='ff-el-form-check ff-el-tc'><label aria-label='Terms and Conditions: I have read and accept the privacy policy and agree to receive emails from you. Contains 1 link. Use tab navigation to review.' class='ff-el-form-check-label ff_tc_label' for=terms-n-condition_15c39d0bd89ce91cc938fb04599f145e><span class='ff_tc_checkbox'><input type=\"checkbox\" name=\"terms-n-condition\" class=\"ff-el-form-check-input\" data-name=\"terms-n-condition\" id=\"terms-n-condition_15c39d0bd89ce91cc938fb04599f145e\"  value='on' aria-invalid='false' aria-required=true><\/span> <div class='ff_t_c'><p>I have read and accept the <a href=\"https:\/\/linatimelessphoto.hu\/adatvedelmi-nyilatkozat\/\">privacy policy<\/a> and agree to receive emails from you.<\/p><\/div><\/label><\/div><\/div><div class='ff-el-group ff-text-center ff_submit_btn_wrapper'><button type=\"submit\" class=\"ff-btn ff-btn-submit ff-btn-md ff_btn_style\"  aria-label=\"Submit my application\">Submit my application<\/button><\/div><\/fieldset><\/form><div id='fluentform_3_errors' class='ff-errors-in-stack ff_form_instance_3_2 ff-form-loading_errors ff_form_instance_3_2_errors'><\/div><\/div>            <script type=\"text\/javascript\">\n                window.fluent_form_ff_form_instance_3_2 = {\"id\":\"3\",\"settings\":{\"layout\":{\"labelPlacement\":\"top\",\"helpMessagePlacement\":\"with_label\",\"errorMessagePlacement\":\"inline\",\"cssClassName\":\"\",\"asteriskPlacement\":\"asterisk-right\"},\"restrictions\":{\"denyEmptySubmission\":{\"enabled\":false}}},\"form_instance\":\"ff_form_instance_3_2\",\"form_id_selector\":\"fluentform_3\",\"rules\":{\"names[first_name]\":{\"required\":{\"value\":true,\"message\":\"This field is required\",\"global\":false,\"global_message\":\"This field is required\"}},\"names[middle_name]\":{\"required\":{\"value\":false,\"message\":\"This field is required\",\"global\":false,\"global_message\":\"This field is required\"}},\"names[last_name]\":{\"required\":{\"value\":false,\"message\":\"This field is required\",\"global\":false,\"global_message\":\"This field is required\"}},\"email\":{\"required\":{\"value\":true,\"message\":\"This field is required\",\"global\":false,\"global_message\":\"This field is required\"},\"email\":{\"value\":true,\"message\":\"This field must contain a valid email\",\"global\":false,\"global_message\":\"This field must contain a valid email\"}},\"dropdown\":{\"required\":{\"value\":true,\"message\":\"This field is required\",\"global_message\":\"This field is required\",\"global\":true}},\"input_radio\":{\"required\":{\"value\":true,\"message\":\"This field is required\",\"global_message\":\"This field is required\",\"global\":true}},\"message\":{\"required\":{\"value\":true,\"message\":\"This field is required\",\"global\":false,\"global_message\":\"This field is required\"}},\"terms-n-condition\":{\"required\":{\"value\":true,\"message\":\"This field is required\",\"global_message\":\"This field is required\",\"global\":true}}},\"debounce_time\":300};\n                            <\/script>\n                        <\/div>\n\n            \t\t\t\t<\/div>\n\t\t\t\t<\/div>\n\t\t\t\t<\/div>\n\t\t\t\t<\/div>\n\t\t<div class=\"elementor-element elementor-element-f76c81e e-flex e-con-boxed e-con e-parent\" data-id=\"f76c81e\" data-element_type=\"container\" data-e-type=\"container\">\n\t\t\t\t\t<div class=\"e-con-inner\">\n\t\t\t\t<div class=\"elementor-element elementor-element-c1e2422 elementor-view-default elementor-position-block-start elementor-mobile-position-block-start elementor-widget elementor-widget-icon-box\" data-id=\"c1e2422\" data-element_type=\"widget\" data-e-type=\"widget\" data-widget_type=\"icon-box.default\">\n\t\t\t\t<div class=\"elementor-widget-container\">\n\t\t\t\t\t\t\t<div class=\"elementor-icon-box-wrapper\">\n\n\t\t\t\t\t\t<div class=\"elementor-icon-box-icon\">\n\t\t\t\t<a href=\"mailto:info@linatimelessphoto.hu\" class=\"elementor-icon\" tabindex=\"-1\" aria-label=\"info@linatimelessphoto.hu\">\n\t\t\t\t<svg xmlns=\"http:\/\/www.w3.org\/2000\/svg\" width=\"39\" height=\"31\" viewBox=\"0 0 39 31\" fill=\"none\"><path d=\"M3.65625 0.587891H35.3438C37.4004 0.587891 39 2.29653 39 4.31583V26.6835C39 28.7804 37.4004 30.4114 35.3438 30.4114H3.65625C1.67578 30.4114 0 28.7804 0 26.6835V4.31583C0 2.29653 1.67578 0.587891 3.65625 0.587891ZM3.65625 4.31583V7.50012C5.4082 8.97576 8.15039 11.1504 13.9395 15.8103C15.2344 16.82 17.748 19.3053 19.5 19.2276C21.3281 19.3053 23.8418 16.82 25.1367 15.8103C30.9258 11.1504 33.668 8.97576 35.3438 7.50012V4.31583H3.65625ZM35.3438 26.6835V12.3154C33.668 13.7134 31.1543 15.7327 27.4219 18.7616C25.7461 20.0819 22.7754 23.0332 19.5 22.9555C16.3008 23.0332 13.4062 20.0819 11.6543 18.7616C7.92188 15.7327 5.4082 13.7134 3.65625 12.3154V26.6835H35.3438Z\" fill=\"#624A24\"><\/path><\/svg>\t\t\t\t<\/a>\n\t\t\t<\/div>\n\t\t\t\n\t\t\t\t\t\t<div class=\"elementor-icon-box-content\">\n\n\t\t\t\t\t\t\t\t\t<h3 class=\"elementor-icon-box-title\">\n\t\t\t\t\t\t<a href=\"mailto:info@linatimelessphoto.hu\" >\n\t\t\t\t\t\t\tinfo@linatimelessphoto.hu\t\t\t\t\t\t<\/a>\n\t\t\t\t\t<\/h3>\n\t\t\t\t\n\t\t\t\t\n\t\t\t<\/div>\n\t\t\t\n\t\t<\/div>\n\t\t\t\t\t\t<\/div>\n\t\t\t\t<\/div>\n\t\t\t\t<div class=\"elementor-element elementor-element-4db03f2 elementor-view-default elementor-position-block-start elementor-mobile-position-block-start elementor-widget elementor-widget-icon-box\" data-id=\"4db03f2\" data-element_type=\"widget\" data-e-type=\"widget\" data-widget_type=\"icon-box.default\">\n\t\t\t\t<div class=\"elementor-widget-container\">\n\t\t\t\t\t\t\t<div class=\"elementor-icon-box-wrapper\">\n\n\t\t\t\t\t\t<div class=\"elementor-icon-box-icon\">\n\t\t\t\t<a href=\"tel:+36203262652\" class=\"elementor-icon\" tabindex=\"-1\" aria-label=\"+36 20 326 26 52\">\n\t\t\t\t<svg xmlns=\"http:\/\/www.w3.org\/2000\/svg\" width=\"39\" height=\"40\" viewBox=\"0 0 39 40\" fill=\"none\"><path d=\"M1.07756 29.1474L6.52012 23.7049C8.4639 21.7611 11.7683 22.5387 12.5458 25.0655C13.1289 26.815 15.0727 27.7869 16.8221 27.398C20.7097 26.4261 25.9578 21.3723 26.9297 17.2904C27.5129 15.5409 26.3466 13.5972 24.5972 13.0141C22.0703 12.2366 21.2928 8.9322 23.2366 6.98843L28.6791 1.54587C30.2341 0.185231 32.5667 0.185231 33.9273 1.54587L37.6205 5.23904C41.3136 9.12658 37.2317 19.4286 28.096 28.5643C18.9603 37.7 8.65828 41.9764 4.77073 38.0888L1.07756 34.3956C-0.28315 32.8406 -0.28315 30.5081 1.07756 29.1474Z\" fill=\"#624A24\"><\/path><\/svg>\t\t\t\t<\/a>\n\t\t\t<\/div>\n\t\t\t\n\t\t\t\t\t\t<div class=\"elementor-icon-box-content\">\n\n\t\t\t\t\t\t\t\t\t<h3 class=\"elementor-icon-box-title\">\n\t\t\t\t\t\t<a href=\"tel:+36203262652\" >\n\t\t\t\t\t\t\t+36 20 326 26 52\t\t\t\t\t\t<\/a>\n\t\t\t\t\t<\/h3>\n\t\t\t\t\n\t\t\t\t\n\t\t\t<\/div>\n\t\t\t\n\t\t<\/div>\n\t\t\t\t\t\t<\/div>\n\t\t\t\t<\/div>\n\t\t\t\t\t<\/div>\n\t\t\t\t<\/div>\n\t\t\t\t<\/div>\n\t\t","protected":false},"excerpt":{"rendered":"<p>Vedd fel velem a kapcsolatot Vedd fel velem a kapcsolatot Alig v\u00e1rom, hogy egy\u00fctt alkossunk valami k\u00fcl\u00f6nlegeset! Ak\u00e1r m\u00e1r k\u00e9szen \u00e1llsz a fot\u00f3z\u00e1sra, ak\u00e1r csak \u00e9rdekl\u0151dn\u00e9l, \u00f6r\u00f6mmel v\u00e1laszolok minden k\u00e9rd\u00e9sedre! T\u00f6ltsd ki az \u0171rlapot, \u00e9s hamarosan felveszem veled a kapcsolatot. kapcsolati \u0171rlap (hu) &#916; Teljes nevedemail c\u00edmedV\u00e1laszd ki a fot\u00f3z\u00e1s t\u00edpus\u00e1t!v\u00e1lassz az el\u00e9rhet\u0151 szolg\u00e1ltat\u00e1sok k\u00f6z\u00fclportr\u00e9 [&hellip;]<\/p>\n","protected":false},"author":2,"featured_media":0,"parent":0,"menu_order":0,"comment_status":"closed","ping_status":"closed","template":"","meta":{"_seopress_robots_primary_cat":"","_seopress_titles_title":"Kapcsolatfelv\u00e9tel \u00e9s id\u0151pontfoglal\u00e1s fot\u00f3z\u00e1sra Budapesten - Lina Timeless Photography","_seopress_titles_desc":"Foglalj id\u0151pontot portr\u00e9, p\u00e1ros, kismama vagy csal\u00e1di fot\u00f3z\u00e1sra Budapesten. Gyors kapcsolatfelv\u00e9tel \u00e9s v\u00e1laszad\u00e1s, szem\u00e9lyes konzult\u00e1ci\u00f3 lehet\u0151s\u00e9ge.","_seopress_robots_index":"","footnotes":""},"class_list":["post-31","page","type-page","status-publish"],"_links":{"self":[{"href":"https:\/\/linatimelessphoto.hu\/en\/wp-json\/wp\/v2\/pages\/31","targetHints":{"allow":["GET"]}}],"collection":[{"href":"https:\/\/linatimelessphoto.hu\/en\/wp-json\/wp\/v2\/pages"}],"about":[{"href":"https:\/\/linatimelessphoto.hu\/en\/wp-json\/wp\/v2\/types\/page"}],"author":[{"embeddable":true,"href":"https:\/\/linatimelessphoto.hu\/en\/wp-json\/wp\/v2\/users\/2"}],"replies":[{"embeddable":true,"href":"https:\/\/linatimelessphoto.hu\/en\/wp-json\/wp\/v2\/comments?post=31"}],"version-history":[{"count":46,"href":"https:\/\/linatimelessphoto.hu\/en\/wp-json\/wp\/v2\/pages\/31\/revisions"}],"predecessor-version":[{"id":2090,"href":"https:\/\/linatimelessphoto.hu\/en\/wp-json\/wp\/v2\/pages\/31\/revisions\/2090"}],"wp:attachment":[{"href":"https:\/\/linatimelessphoto.hu\/en\/wp-json\/wp\/v2\/media?parent=31"}],"curies":[{"name":"wp","href":"https:\/\/api.w.org\/{rel}","templated":true}]}}